{"id":6943,"date":"2026-01-06T15:34:15","date_gmt":"2026-01-06T15:34:15","guid":{"rendered":"https:\/\/www.soul-academy.de\/?page_id=6943"},"modified":"2026-01-06T16:17:56","modified_gmt":"2026-01-06T16:17:56","slug":"buch-hooponopono-der-weg-zu-innerem-frieden","status":"publish","type":"page","link":"https:\/\/www.soul-academy.de\/en\/buch-hooponopono-der-weg-zu-innerem-frieden\/","title":{"rendered":"Buch &#8220;Ho&#8217;oponopono &#8211; Der Weg zu innerem Frieden&#8221;"},"content":{"rendered":"\t\t<div data-elementor-type=\"wp-page\" data-elementor-id=\"6943\" class=\"elementor elementor-6943\" data-elementor-post-type=\"page\">\n\t\t\t\t<div class=\"elementor-element elementor-element-9d02565 e-flex e-con-boxed e-con e-parent\" data-id=\"9d02565\" data-element_type=\"container\" data-e-type=\"container\">\n\t\t\t\t\t<div class=\"e-con-inner\">\n\t\t\t\t<div class=\"elementor-element elementor-element-73da2fd elementor-widget elementor-widget-heading\" data-id=\"73da2fd\" data-element_type=\"widget\" data-e-type=\"widget\" data-widget_type=\"heading.default\">\n\t\t\t\t\t<h2 class=\"elementor-heading-title elementor-size-default\">durch die Kraft der Vergebung - Die vier heilenden S\u00e4tze\n<\/h2>\t\t\t\t<\/div>\n\t\t\t\t\t<\/div>\n\t\t\t\t<\/div>\n\t\t<div class=\"elementor-element elementor-element-0227199 e-grid e-con-boxed e-con e-parent\" data-id=\"0227199\" data-element_type=\"container\" data-e-type=\"container\">\n\t\t\t\t\t<div class=\"e-con-inner\">\n\t\t\t\t<div class=\"elementor-element elementor-element-abb8174 elementor-widget elementor-widget-text-editor\" data-id=\"abb8174\" data-element_type=\"widget\" data-e-type=\"widget\" data-widget_type=\"text-editor.default\">\n\t\t\t\t\t\t\t\t\t<h3><strong>Es tut mir leid<\/strong><\/h3><p>Verantwortung \u00fcbernehmen<\/p>\t\t\t\t\t\t\t\t<\/div>\n\t\t\t\t<div class=\"elementor-element elementor-element-d2a3f50 elementor-widget elementor-widget-text-editor\" data-id=\"d2a3f50\" data-element_type=\"widget\" data-e-type=\"widget\" data-widget_type=\"text-editor.default\">\n\t\t\t\t\t\t\t\t\t<h3><strong>Bitte verzeih mir<\/strong><\/h3><p>Um Vergebung bitten<\/p>\t\t\t\t\t\t\t\t<\/div>\n\t\t\t\t<div class=\"elementor-element elementor-element-b076144 elementor-widget elementor-widget-text-editor\" data-id=\"b076144\" data-element_type=\"widget\" data-e-type=\"widget\" data-widget_type=\"text-editor.default\">\n\t\t\t\t\t\t\t\t\t<h3><strong>Ich liebe dich<\/strong><\/h3><p>Mit dem Herzen verbinden<\/p>\t\t\t\t\t\t\t\t<\/div>\n\t\t\t\t<div class=\"elementor-element elementor-element-cff50a0 elementor-widget elementor-widget-text-editor\" data-id=\"cff50a0\" data-element_type=\"widget\" data-e-type=\"widget\" data-widget_type=\"text-editor.default\">\n\t\t\t\t\t\t\t\t\t<h3><strong>Danke<\/strong><\/h3><p>Dankbarkeit ausdr\u00fccken<\/p>\t\t\t\t\t\t\t\t<\/div>\n\t\t\t\t\t<\/div>\n\t\t\t\t<\/div>\n\t\t<div class=\"elementor-element elementor-element-fee18f3 e-flex e-con-boxed e-con e-parent\" data-id=\"fee18f3\" data-element_type=\"container\" data-e-type=\"container\">\n\t\t\t\t\t<div class=\"e-con-inner\">\n\t\t\t\t<div class=\"elementor-element elementor-element-bc14638 elementor-widget elementor-widget-heading\" data-id=\"bc14638\" data-element_type=\"widget\" data-e-type=\"widget\" data-widget_type=\"heading.default\">\n\t\t\t\t\t<h2 class=\"elementor-heading-title elementor-size-default\">F\u00fcr wen ist dieses Buch?\n<\/h2>\t\t\t\t<\/div>\n\t\t\t\t\t<\/div>\n\t\t\t\t<\/div>\n\t\t<div class=\"elementor-element elementor-element-c9836db e-grid e-con-boxed e-con e-parent\" data-id=\"c9836db\" data-element_type=\"container\" data-e-type=\"container\">\n\t\t\t\t\t<div class=\"e-con-inner\">\n\t\t\t\t<div class=\"elementor-element elementor-element-ea74071 elementor-widget elementor-widget-text-editor\" data-id=\"ea74071\" data-element_type=\"widget\" data-e-type=\"widget\" data-widget_type=\"text-editor.default\">\n\t\t\t\t\t\t\t\t\t<h3 class=\"mt-6 mb-2 font-semibold text-xl\" data-streamdown=\"heading-3\">Du tr\u00e4gst alte Verletzungen<\/h3><p>Konflikte aus der Vergangenheit belasten dich noch heute \u2013 in Beziehungen, der Familie oder mit dir selbst.<\/p><p>\u00a0<\/p><h3 class=\"mt-6 mb-2 font-semibold text-xl\" data-streamdown=\"heading-3\">Du suchst echte Vergebung<\/h3><p>Nicht nur oberfl\u00e4chlich, sondern eine tiefe, heilende Vergebung, die dich wirklich befreit.<\/p><p>\u00a0<\/p><h3 class=\"mt-6 mb-2 font-semibold text-xl\" data-streamdown=\"heading-3\">Du willst verstehen und anwenden<\/h3><p>Du m\u00f6chtest die Wurzeln von Ho&#8217;oponopono kennenlernen und konkrete Rituale f\u00fcr den Alltag erhalten.<\/p>\t\t\t\t\t\t\t\t<\/div>\n\t\t\t\t<div class=\"elementor-element elementor-element-a92614f elementor-widget elementor-widget-image\" data-id=\"a92614f\" data-element_type=\"widget\" data-e-type=\"widget\" data-widget_type=\"image.default\">\n\t\t\t\t\t\t\t\t\t\t\t\t\t\t\t<img fetchpriority=\"high\" decoding=\"async\" width=\"500\" height=\"500\" src=\"https:\/\/www.soul-academy.de\/wp-content\/uploads\/2026\/01\/Hooponopono-in-der-Gruppe-\u2013-Gemeinsam-heilen.png\" class=\"attachment-large size-large wp-image-6948\" alt=\"\" srcset=\"https:\/\/www.soul-academy.de\/wp-content\/uploads\/2026\/01\/Hooponopono-in-der-Gruppe-\u2013-Gemeinsam-heilen.png 500w, https:\/\/www.soul-academy.de\/wp-content\/uploads\/2026\/01\/Hooponopono-in-der-Gruppe-\u2013-Gemeinsam-heilen-300x300.png 300w, https:\/\/www.soul-academy.de\/wp-content\/uploads\/2026\/01\/Hooponopono-in-der-Gruppe-\u2013-Gemeinsam-heilen-150x150.png 150w\" sizes=\"(max-width: 500px) 100vw, 500px\" \/>\t\t\t\t\t\t\t\t\t\t\t\t\t\t\t<\/div>\n\t\t\t\t\t<\/div>\n\t\t\t\t<\/div>\n\t\t<div class=\"elementor-element elementor-element-980e7be e-flex e-con-boxed e-con e-parent\" data-id=\"980e7be\" data-element_type=\"container\" data-e-type=\"container\">\n\t\t\t\t\t<div class=\"e-con-inner\">\n\t\t\t\t<div class=\"elementor-element elementor-element-69bc7a4 elementor-widget elementor-widget-heading\" data-id=\"69bc7a4\" data-element_type=\"widget\" data-e-type=\"widget\" data-widget_type=\"heading.default\">\n\t\t\t\t\t<h2 class=\"elementor-heading-title elementor-size-default\">Das erwartet Dich\n<\/h2>\t\t\t\t<\/div>\n\t\t\t\t\t<\/div>\n\t\t\t\t<\/div>\n\t\t<div class=\"elementor-element elementor-element-b491d2d e-grid e-con-boxed e-con e-parent\" data-id=\"b491d2d\" data-element_type=\"container\" data-e-type=\"container\">\n\t\t\t\t\t<div class=\"e-con-inner\">\n\t\t\t\t<div class=\"elementor-element elementor-element-6fa1ce6 elementor-widget elementor-widget-text-editor\" data-id=\"6fa1ce6\" data-element_type=\"widget\" data-e-type=\"widget\" data-widget_type=\"text-editor.default\">\n\t\t\t\t\t\t\t\t\t<div><div id=\"inhalt\"><div><div class=\"my-2\"><div><div><h3>Die Wurzeln der Tradition<\/h3><p>Erfahre, wie Ho&#8217;oponopono in der hawaiianischen Kultur entstanden ist, welche Rolle die Kahuna (Heiler) spielten und wie diese uralte Praxis der Konfliktl\u00f6sung und Vergebung \u00fcber Generationen weitergegeben wurde.<\/p><\/div><div><h3>Die vier heilenden S\u00e4tze<\/h3><p>Eine tiefe Auseinandersetzung mit jedem der vier S\u00e4tze: Was bedeuten sie wirklich? Warum sind sie so kraftvoll? Und wie wendest du sie authentisch an \u2013 nicht als leere Formel, sondern als echten Ausdruck deines Herzens?<\/p><\/div><div><h3>Moderne Selbsthilfe-Anwendung<\/h3><p>Wie du Ho&#8217;oponopono in deinen Alltag integrierst: f\u00fcr pers\u00f6nliche Heilung, zur Verbesserung von Beziehungen und zur Bew\u00e4ltigung von Stress. Mit praktischen \u00dcbungen und Reflexionsfragen.<\/p><\/div><div><h3>Ho&#8217;oponopono in der Gruppe<\/h3><p>Wie die Praxis traditionell in der Familie und Gemeinschaft angewendet wurde und wie du Ho&#8217;oponopono-Sitzungen heute f\u00fcr Teams, Familien oder Freundeskreise gestalten kannst.<\/p><\/div><div><h3>Rituale und Vorlagen<\/h3><p>Konkrete Ritual-Vorlagen f\u00fcr verschiedene Situationen: Vergebungsarbeit mit dir selbst, Heilung vergangener Beziehungen, Ahnenarbeit und mehr. Schritt-f\u00fcr-Schritt-Anleitungen, die du direkt umsetzen kannst.<\/p><\/div><div><h3>Ahnenarbeit mit Ho&#8217;oponopono<\/h3><p>Ein oft \u00fcbersehener, aber kraftvoller Aspekt: Wie du mit Ho&#8217;oponopono alte Familienmuster und transgenerationale Belastungen heilen kannst. Mit respektvollen und praxisnahen Ans\u00e4tzen.<\/p><\/div><div><h3>Ho&#8217;oponopono in Beziehungen<\/h3><p>Wie du die Praxis nutzt, um Konflikte zu l\u00f6sen, Kommunikation zu verbessern und tiefere Verbindungen in Partnerschaft, Familie und Freundschaften zu schaffen.<\/p><\/div><div><h3>Fazit und Integration<\/h3><p>Wie du Ho&#8217;oponopono zu einem nat\u00fcrlichen Teil deines Lebens machst \u2013 als t\u00e4gliche Praxis, als Lebenshaltung und als Weg zu dauerhaftem innerem Frieden.<\/p><\/div><\/div><\/div><\/div><\/div><\/div><div><div>\u00a0<\/div><\/div>\t\t\t\t\t\t\t\t<\/div>\n\t\t\t\t<div class=\"elementor-element elementor-element-41d1f29 elementor-widget elementor-widget-image\" data-id=\"41d1f29\" data-element_type=\"widget\" data-e-type=\"widget\" data-widget_type=\"image.default\">\n\t\t\t\t\t\t\t\t\t\t\t\t\t\t\t<img decoding=\"async\" width=\"352\" height=\"500\" src=\"https:\/\/www.soul-academy.de\/wp-content\/uploads\/2026\/01\/Hooponopono_-_Der_Weg_zu_innerem_Frieden.webp\" class=\"attachment-large size-large wp-image-6934\" alt=\"\" srcset=\"https:\/\/www.soul-academy.de\/wp-content\/uploads\/2026\/01\/Hooponopono_-_Der_Weg_zu_innerem_Frieden.webp 352w, https:\/\/www.soul-academy.de\/wp-content\/uploads\/2026\/01\/Hooponopono_-_Der_Weg_zu_innerem_Frieden-211x300.webp 211w\" sizes=\"(max-width: 352px) 100vw, 352px\" \/>\t\t\t\t\t\t\t\t\t\t\t\t\t\t\t<\/div>\n\t\t\t\t\t<\/div>\n\t\t\t\t<\/div>\n\t\t<div class=\"elementor-element elementor-element-9e81181 e-flex e-con-boxed e-con e-parent\" data-id=\"9e81181\" data-element_type=\"container\" data-e-type=\"container\">\n\t\t\t\t\t<div class=\"e-con-inner\">\n\t\t\t\t<div class=\"elementor-element elementor-element-94c3434 elementor-widget elementor-widget-heading\" data-id=\"94c3434\" data-element_type=\"widget\" data-e-type=\"widget\" data-widget_type=\"heading.default\">\n\t\t\t\t\t<h2 class=\"elementor-heading-title elementor-size-default\">\u00dcber den Autor\n<\/h2>\t\t\t\t<\/div>\n\t\t\t\t\t<\/div>\n\t\t\t\t<\/div>\n\t\t<div class=\"elementor-element elementor-element-f1db7b5 e-grid e-con-boxed e-con e-parent\" data-id=\"f1db7b5\" data-element_type=\"container\" data-e-type=\"container\">\n\t\t\t\t\t<div class=\"e-con-inner\">\n\t\t\t\t<div class=\"elementor-element elementor-element-122f31c elementor-widget elementor-widget-text-editor\" data-id=\"122f31c\" data-element_type=\"widget\" data-e-type=\"widget\" data-widget_type=\"text-editor.default\">\n\t\t\t\t\t\t\t\t\t<h3 data-streamdown=\"heading-3\">1<\/h3><h3 class=\"mt-6 mb-2 font-semibold text-xl\" data-streamdown=\"heading-3\">Fundiert und respektvoll<\/h3><p>Tiefe Recherche der hawaiianischen Wurzeln, kein oberfl\u00e4chlicher &#8220;Wellness-Ho&#8217;oponopono&#8221;.<\/p><h3 data-streamdown=\"heading-3\">2<\/h3><h3 class=\"mt-6 mb-2 font-semibold text-xl\" data-streamdown=\"heading-3\">Sofort anwendbar<\/h3><p>Konkrete Ritual-Vorlagen und \u00dcbungen f\u00fcr verschiedene Lebenssituationen.<\/p><div><div><div><div><h3>3<\/h3><h3 class=\"mt-6 mb-2 font-semibold text-xl\" data-streamdown=\"heading-3\">Aus erster Hand<\/h3><p>Geschrieben von einem zertifizierten Ho&#8217;oponopono-Trainer mit Praxiserfahrung.<\/p><\/div><\/div><\/div><\/div><div><div>\u00a0<\/div><\/div>\t\t\t\t\t\t\t\t<\/div>\n\t\t\t\t<div class=\"elementor-element elementor-element-73fdb7e elementor-widget elementor-widget-premium-addon-person\" data-id=\"73fdb7e\" data-element_type=\"widget\" data-e-type=\"widget\" data-widget_type=\"premium-addon-person.default\">\n\t\t\t\t\t\t\t<div class=\"premium-persons-container premium-person-style1\">\n\t\t\t\t\t\t<div class=\"premium-person-container premium-person-zoomin-effect\">\n\n\t\t\t\t<div class=\"premium-person-image-container\">\n\t\t\t\t\t<img decoding=\"async\" width=\"500\" height=\"667\" src=\"https:\/\/www.soul-academy.de\/wp-content\/uploads\/2025\/10\/dirk_eichler_2025_72.jpg\" class=\"attachment-full size-full wp-image-712\" alt=\"\" srcset=\"https:\/\/www.soul-academy.de\/wp-content\/uploads\/2025\/10\/dirk_eichler_2025_72.jpg 500w, https:\/\/www.soul-academy.de\/wp-content\/uploads\/2025\/10\/dirk_eichler_2025_72-225x300.jpg 225w\" sizes=\"(max-width: 500px) 100vw, 500px\" \/>\n\t\t\t\t\t\t\t\t\t<\/div>\n\t\t\t\t<div class=\"premium-person-info\">\n\t\t\t\t\t\t\t\t<div class=\"premium-person-info-container\">\n\t\t\t\t\t\t\t\t\t<h2 class=\"premium-person-name\">Dirk Eichler<\/h2>\t\t\t\t\t\t\t\t\t\t\t<h4 class=\"premium-person-title\">\n\t\t\t\t\t\t\t<span>Ho'oponopono Trainer &amp; Life-Coach<\/span>\n\t\t\t\t\t\t<\/h4>\n\t\t\t\t\t\t\t\t\t\t\t<div class=\"premium-person-content\">\n\t\t\t\t\t\t\t<p>Als Trainer bei der Soul-Academy hat er mit vielen Menschen in Ho&#8217;oponopono-Seminaren begleitet und die transformative Kraft der Vergebung unmittelbar erlebt. Seine t\u00e4gliche Praxis von Yoga, Meditation und Ho&#8217;oponopono macht ihn zu einem authentischen und glaubw\u00fcrdigen Wegbegleiter.<\/p><p>Seine Kernwerte \u2013 Vergebung, F\u00fcrsorge, Dankbarkeit, Mitgef\u00fchl und Liebe \u2013 durchziehen sowohl seine pers\u00f6nliche Lebensf\u00fchrung als auch seine professionelle Arbeit.<\/p>\t\t\t\t\t\t<\/div>\n\t\t\t\t\t<ul class=\"premium-person-social-list\">\t\t\t\t<li class=\"elementor-icon premium-person-list-item premium-person-facebook\">\n\t\t\t\t\t<a href=\"#\" target=\"_blank\">\n\t\t\t\t\t\t<i class=\"fab fa-facebook-f\" aria-hidden=\"true\"><\/i>\n\t\t\t\t\t<\/a>\n\t\t\t\t<\/li>\n\t\t\t\t\t\t\t\t<li class=\"elementor-icon premium-person-list-item premium-person-twitter\">\n\t\t\t\t\t<a href=\"#\" target=\"_blank\">\n\t\t\t\t\t\t<i class=\"fab fa-twitter\" aria-hidden=\"true\"><\/i>\n\t\t\t\t\t<\/a>\n\t\t\t\t<\/li>\n\t\t\t\t\t\t\t\t<li class=\"elementor-icon premium-person-list-item premium-person-instagram\">\n\t\t\t\t\t<a href=\"#\" target=\"_blank\">\n\t\t\t\t\t\t<i class=\"fab fa-instagram\" aria-hidden=\"true\"><\/i>\n\t\t\t\t\t<\/a>\n\t\t\t\t<\/li>\n\t\t\t\t\t\t\t\t<li class=\"elementor-icon premium-person-list-item premium-person-dribbble\">\n\t\t\t\t\t<a href=\"#\" target=\"_blank\">\n\t\t\t\t\t\t<i class=\"fab fa-dribbble\" aria-hidden=\"true\"><\/i>\n\t\t\t\t\t<\/a>\n\t\t\t\t<\/li>\n\t\t\t\t<\/ul>\t\t\t<\/div>\n\t\t\t\t\t\t\t<\/div>\n\t\t\t<\/div>\n\t\t\t\t\t\t<\/div>\n\t\t\t\t\t\t<\/div>\n\t\t\t\t\t<\/div>\n\t\t\t\t<\/div>\n\t\t<div class=\"elementor-element elementor-element-d2a19ec e-flex e-con-boxed e-con e-parent\" data-id=\"d2a19ec\" data-element_type=\"container\" data-e-type=\"container\">\n\t\t\t\t\t<div class=\"e-con-inner\">\n\t\t\t\t<div class=\"elementor-element elementor-element-03333cc elementor-cta--skin-classic elementor-animated-content elementor-bg-transform elementor-bg-transform-zoom-in elementor-widget elementor-widget-call-to-action\" data-id=\"03333cc\" data-element_type=\"widget\" data-e-type=\"widget\" data-widget_type=\"call-to-action.default\">\n\t\t\t\t\t\t\t<div class=\"elementor-cta\">\n\t\t\t\t\t<div class=\"elementor-cta__bg-wrapper\">\n\t\t\t\t<div class=\"elementor-cta__bg elementor-bg\" style=\"background-image: url(https:\/\/www.soul-academy.de\/wp-content\/uploads\/2026\/01\/Hooponopono-\u2013-Der-Weg-zu-innerem-Frieden.png);\" role=\"img\" aria-label=\"Ho&#039;oponopono \u2013 Der Weg zu innerem Frieden\"><\/div>\n\t\t\t\t<div class=\"elementor-cta__bg-overlay\"><\/div>\n\t\t\t<\/div>\n\t\t\t\t\t\t\t<div class=\"elementor-cta__content\">\n\t\t\t\t\n\t\t\t\t\t\t\t\t\t<h2 class=\"elementor-cta__title elementor-cta__content-item elementor-content-item\">\n\t\t\t\t\t\tBeginne deinen Weg zu innerem Frieden - Eine Reise zu dir selbst\t\t\t\t\t<\/h2>\n\t\t\t\t\n\t\t\t\t\t\t\t\t\t<div class=\"elementor-cta__description elementor-cta__content-item elementor-content-item\">\n\t\t\t\t\t\tVerf\u00fcgbar als Printausgabe und eBook, 58 Seiten, 9,90\u20ac\t\t\t\t\t<\/div>\n\t\t\t\t\n\t\t\t\t\t\t\t\t\t<div class=\"elementor-cta__button-wrapper elementor-cta__content-item elementor-content-item \">\n\t\t\t\t\t<a class=\"elementor-cta__button elementor-button elementor-size-\" href=\"https:\/\/buchshop.bod.de\/hooponopono-der-weg-zu-innerem-frieden-dirk-eichler-9783695162079\" target=\"_blank\" rel=\"noopener\">\n\t\t\t\t\t\tHo'oponopono \u2665 Jetzt\t\t\t\t\t<\/a>\n\t\t\t\t\t<\/div>\n\t\t\t\t\t\t\t<\/div>\n\t\t\t\t\t\t<\/div>\n\t\t\t\t\t\t<\/div>\n\t\t\t\t\t<\/div>\n\t\t\t\t<\/div>\n\t\t\t\t<\/div>\n\t\t","protected":false},"excerpt":{"rendered":"<p>durch die Kraft der Vergebung &#8211; Die vier heilenden S\u00e4tze Es tut mir leid Verantwortung \u00fcbernehmen Bitte verzeih mir Um Vergebung bitten Ich liebe dich Mit dem Herzen verbinden Danke Dankbarkeit ausdr\u00fccken F\u00fcr wen ist dieses Buch? Du tr\u00e4gst alte Verletzungen Konflikte aus der Vergangenheit belasten dich noch heute \u2013 in Beziehungen, der Familie oder<br \/><a class=\"moretag\" href=\"https:\/\/www.soul-academy.de\/en\/buch-hooponopono-der-weg-zu-innerem-frieden\/\">+ Read More<\/a><\/p>\n","protected":false},"author":1,"featured_media":0,"parent":0,"menu_order":0,"comment_status":"closed","ping_status":"closed","template":"templates\/page-fullwidth_template.php","meta":{"footnotes":""},"class_list":["post-6943","page","type-page","status-publish","hentry"],"_links":{"self":[{"href":"https:\/\/www.soul-academy.de\/en\/wp-json\/wp\/v2\/pages\/6943","targetHints":{"allow":["GET"]}}],"collection":[{"href":"https:\/\/www.soul-academy.de\/en\/wp-json\/wp\/v2\/pages"}],"about":[{"href":"https:\/\/www.soul-academy.de\/en\/wp-json\/wp\/v2\/types\/page"}],"author":[{"embeddable":true,"href":"https:\/\/www.soul-academy.de\/en\/wp-json\/wp\/v2\/users\/1"}],"replies":[{"embeddable":true,"href":"https:\/\/www.soul-academy.de\/en\/wp-json\/wp\/v2\/comments?post=6943"}],"version-history":[{"count":10,"href":"https:\/\/www.soul-academy.de\/en\/wp-json\/wp\/v2\/pages\/6943\/revisions"}],"predecessor-version":[{"id":6968,"href":"https:\/\/www.soul-academy.de\/en\/wp-json\/wp\/v2\/pages\/6943\/revisions\/6968"}],"wp:attachment":[{"href":"https:\/\/www.soul-academy.de\/en\/wp-json\/wp\/v2\/media?parent=6943"}],"curies":[{"name":"wp","href":"https:\/\/api.w.org\/{rel}","templated":true}]}}